{"id":107070,"date":"2024-11-26T08:50:31","date_gmt":"2024-11-26T07:50:31","guid":{"rendered":"https:\/\/peakalgerie.com\/?page_id=107070"},"modified":"2024-11-26T18:40:43","modified_gmt":"2024-11-26T17:40:43","slug":"nos-magasin","status":"publish","type":"page","link":"https:\/\/staging.peakalgerie.com\/fr\/nos-magasin\/","title":{"rendered":"Nos Magasin"},"content":{"rendered":"\t\t<div data-elementor-type=\"wp-page\" data-elementor-id=\"107070\" class=\"elementor elementor-107070\">\n\t\t\t\t\t\t<section class=\"wd-negative-gap elementor-section elementor-top-section elementor-element elementor-element-e3044dc elementor-section-boxed elementor-section-height-default elementor-section-height-default\" data-id=\"e3044dc\" data-element_type=\"section\">\n\t\t\t\t\t\t<div class=\"elementor-container elementor-column-gap-default\">\n\t\t\t\t\t<div class=\"elementor-column elementor-col-100 elementor-top-column elementor-element elementor-element-f463651\" data-id=\"f463651\" data-element_type=\"column\">\n\t\t\t<div class=\"elementor-widget-wrap elementor-element-populated\">\n\t\t\t\t\t\t<div class=\"elementor-element elementor-element-0776598 elementor-widget elementor-widget-heading\" data-id=\"0776598\" data-element_type=\"widget\" data-widget_type=\"heading.default\">\n\t\t\t\t<div class=\"elementor-widget-container\">\n\t\t\t\t\t<h1 class=\"elementor-heading-title elementor-size-default\">NOS MAGASINS\n<\/h1>\t\t\t\t<\/div>\n\t\t\t\t<\/div>\n\t\t\t\t\t<\/div>\n\t\t<\/div>\n\t\t\t\t\t<\/div>\n\t\t<\/section>\n\t\t\t\t<section class=\"wd-negative-gap elementor-section elementor-top-section elementor-element elementor-element-009d428 elementor-section-boxed elementor-section-height-default elementor-section-height-default\" data-id=\"009d428\" data-element_type=\"section\">\n\t\t\t\t\t\t<div class=\"elementor-container elementor-column-gap-default\">\n\t\t\t\t\t<div class=\"elementor-column elementor-col-100 elementor-top-column elementor-element elementor-element-c4af050\" data-id=\"c4af050\" data-element_type=\"column\">\n\t\t\t<div class=\"elementor-widget-wrap elementor-element-populated\">\n\t\t\t\t\t\t<div class=\"elementor-element elementor-element-cb6271f elementor-tabs-view-vertical elementor-widget elementor-widget-tabs\" data-id=\"cb6271f\" data-element_type=\"widget\" data-widget_type=\"tabs.default\">\n\t\t\t\t<div class=\"elementor-widget-container\">\n\t\t\t\t\t\t\t<div class=\"elementor-tabs\">\n\t\t\t<div class=\"elementor-tabs-wrapper\" role=\"tablist\" >\n\t\t\t\t\t\t\t\t\t<div id=\"elementor-tab-title-2131\" class=\"elementor-tab-title elementor-tab-desktop-title\" aria-selected=\"true\" data-tab=\"1\" role=\"tab\" tabindex=\"0\" aria-controls=\"elementor-tab-content-2131\" aria-expanded=\"false\"><b>ALGER CHERAGA<\/b><br> <br> Adresse : Boulevard du 11 D\u00e9cembre, Dely Ibrahim, Commune de Cheraga, Alger<br> <br> T\u00e9l\u00e9phone :  (+213) 561 605 997<\/div>\n\t\t\t\t\t\t\t\t\t<div id=\"elementor-tab-title-2132\" class=\"elementor-tab-title elementor-tab-desktop-title\" aria-selected=\"false\" data-tab=\"2\" role=\"tab\" tabindex=\"-1\" aria-controls=\"elementor-tab-content-2132\" aria-expanded=\"false\"><b>ALGER BARAKI<\/b><br> <br> Adresse : 663 Rue Rokzan, commune de Baraki, Alger, Alger<br> <br> T\u00e9l\u00e9phone :  (+213) 560 044 532<\/div>\n\t\t\t\t\t\t\t\t\t<div id=\"elementor-tab-title-2133\" class=\"elementor-tab-title elementor-tab-desktop-title\" aria-selected=\"false\" data-tab=\"3\" role=\"tab\" tabindex=\"-1\" aria-controls=\"elementor-tab-content-2133\" aria-expanded=\"false\"><b>BLIDA 1 <\/b><br> <br> Adresse :  02 Route Zabana, Blida<br> <br> T\u00e9l\u00e9phone :  (+213) 560 044 247<\/div>\n\t\t\t\t\t\t\t\t\t<div id=\"elementor-tab-title-2134\" class=\"elementor-tab-title elementor-tab-desktop-title\" aria-selected=\"false\" data-tab=\"4\" role=\"tab\" tabindex=\"-1\" aria-controls=\"elementor-tab-content-2134\" aria-expanded=\"false\"><b>BLIDA 2 <\/b><br> <br> Adresse :  36 Boulevard Mohamed Boudiaf, Blida<br> <br> T\u00e9l\u00e9phone : (+213) 560 109 459<\/div>\n\t\t\t\t\t\t\t<\/div>\n\t\t\t<div class=\"elementor-tabs-content-wrapper\" role=\"tablist\" aria-orientation=\"vertical\">\n\t\t\t\t\t\t\t\t\t<div class=\"elementor-tab-title elementor-tab-mobile-title\" aria-selected=\"true\" data-tab=\"1\" role=\"tab\" tabindex=\"0\" aria-controls=\"elementor-tab-content-2131\" aria-expanded=\"false\"><b>ALGER CHERAGA<\/b><br> <br> Adresse : Boulevard du 11 D\u00e9cembre, Dely Ibrahim, Commune de Cheraga, Alger<br> <br> T\u00e9l\u00e9phone :  (+213) 561 605 997<\/div>\n\t\t\t\t\t<div id=\"elementor-tab-content-2131\" class=\"elementor-tab-content elementor-clearfix\" data-tab=\"1\" role=\"tabpanel\" aria-labelledby=\"elementor-tab-title-2131\" tabindex=\"0\" hidden=\"false\"><iframe src=\"https:\/\/www.google.com\/maps\/embed?pb=!1m14!1m8!1m3!1d2926.0676341749036!2d2.967796!3d36.755825!3m2!1i1024!2i768!4f13.1!3m3!1m2!1s0x128fb02ffe20f73f%3A0x5151b6404d44ee7e!2sAIR-STREET!5e1!3m2!1sen!2sus!4v1732607440275!5m2!1sen!2sus\" width=\"600\" height=\"450\" style=\"border:0;\" allowfullscreen=\"\" loading=\"lazy\" referrerpolicy=\"no-referrer-when-downgrade\"><\/iframe><\/div>\n\t\t\t\t\t\t\t\t\t<div class=\"elementor-tab-title elementor-tab-mobile-title\" aria-selected=\"false\" data-tab=\"2\" role=\"tab\" tabindex=\"-1\" aria-controls=\"elementor-tab-content-2132\" aria-expanded=\"false\"><b>ALGER BARAKI<\/b><br> <br> Adresse : 663 Rue Rokzan, commune de Baraki, Alger, Alger<br> <br> T\u00e9l\u00e9phone :  (+213) 560 044 532<\/div>\n\t\t\t\t\t<div id=\"elementor-tab-content-2132\" class=\"elementor-tab-content elementor-clearfix\" data-tab=\"2\" role=\"tabpanel\" aria-labelledby=\"elementor-tab-title-2132\" tabindex=\"0\" hidden=\"hidden\"><iframe src=\"https:\/\/www.google.com\/maps\/embed?pb=!1m14!1m8!1m3!1d2929.304098327767!2d3.09094!3d36.670891!3m2!1i1024!2i768!4f13.1!3m3!1m2!1s0x128fadf36b59126b%3A0xc26be1857a6ac013!2sAir-Street!5e1!3m2!1sen!2sus!4v1732607573341!5m2!1sen!2sus\" width=\"600\" height=\"450\" style=\"border:0;\" allowfullscreen=\"\" loading=\"lazy\" referrerpolicy=\"no-referrer-when-downgrade\"><\/iframe><\/div>\n\t\t\t\t\t\t\t\t\t<div class=\"elementor-tab-title elementor-tab-mobile-title\" aria-selected=\"false\" data-tab=\"3\" role=\"tab\" tabindex=\"-1\" aria-controls=\"elementor-tab-content-2133\" aria-expanded=\"false\"><b>BLIDA 1 <\/b><br> <br> Adresse :  02 Route Zabana, Blida<br> <br> T\u00e9l\u00e9phone :  (+213) 560 044 247<\/div>\n\t\t\t\t\t<div id=\"elementor-tab-content-2133\" class=\"elementor-tab-content elementor-clearfix\" data-tab=\"3\" role=\"tabpanel\" aria-labelledby=\"elementor-tab-title-2133\" tabindex=\"0\" hidden=\"hidden\"><iframe src=\"https:\/\/www.google.com\/maps\/embed?pb=!1m14!1m8!1m3!1d2936.4622232454394!2d2.809313!3d36.482438!3m2!1i1024!2i768!4f13.1!3m3!1m2!1s0x128f0c66865a4cd1%3A0xfb741995752f848b!2sFRJ5%2BXP%2C%20Blida%2C%20Algeria!5e1!3m2!1sen!2sus!4v1732607753208!5m2!1sen!2sus\" width=\"600\" height=\"450\" style=\"border:0;\" allowfullscreen=\"\" loading=\"lazy\" referrerpolicy=\"no-referrer-when-downgrade\"><\/iframe><\/div>\n\t\t\t\t\t\t\t\t\t<div class=\"elementor-tab-title elementor-tab-mobile-title\" aria-selected=\"false\" data-tab=\"4\" role=\"tab\" tabindex=\"-1\" aria-controls=\"elementor-tab-content-2134\" aria-expanded=\"false\"><b>BLIDA 2 <\/b><br> <br> Adresse :  36 Boulevard Mohamed Boudiaf, Blida<br> <br> T\u00e9l\u00e9phone : (+213) 560 109 459<\/div>\n\t\t\t\t\t<div id=\"elementor-tab-content-2134\" class=\"elementor-tab-content elementor-clearfix\" data-tab=\"4\" role=\"tabpanel\" aria-labelledby=\"elementor-tab-title-2134\" tabindex=\"0\" hidden=\"hidden\"><iframe src=\"https:\/\/www.google.com\/maps\/embed?pb=!1m14!1m8!1m3!1d2936.4589638944844!2d2.824813!3d36.482524!3m2!1i1024!2i768!4f13.1!3m3!1m2!1s0x128f0d2966e918c7%3A0x33b6114f2a3ec2f9!2sAir-Street!5e1!3m2!1sen!2sus!4v1732607861940!5m2!1sen!2sus\" width=\"600\" height=\"450\" style=\"border:0;\" allowfullscreen=\"\" loading=\"lazy\" referrerpolicy=\"no-referrer-when-downgrade\"><\/iframe><\/div>\n\t\t\t\t\t\t\t<\/div>\n\t\t<\/div>\n\t\t\t\t\t\t<\/div>\n\t\t\t\t<\/div>\n\t\t\t\t\t<\/div>\n\t\t<\/div>\n\t\t\t\t\t<\/div>\n\t\t<\/section>\n\t\t\t\t<\/div>\n\t\t","protected":false},"excerpt":{"rendered":"<p>NOS MAGASINS ALGER CHERAGA Adresse : Boulevard du 11 D\u00e9cembre, Dely Ibrahim, Commune de Cheraga, Alger T\u00e9l\u00e9phone : (+213) 561<\/p>\n","protected":false},"author":1168,"featured_media":0,"parent":0,"menu_order":0,"comment_status":"closed","ping_status":"closed","template":"","meta":{"footnotes":""},"class_list":["post-107070","page","type-page","status-publish","hentry"],"yoast_head":"<!-- This site is optimized with the Yoast SEO plugin v24.1 - https:\/\/yoast.com\/wordpress\/plugins\/seo\/ -->\n<title>Nos Magasin - Peak Sport Alg\u00e9rie<\/title>\n<meta name=\"robots\" content=\"index, follow, max-snippet:-1, max-image-preview:large, max-video-preview:-1\" \/>\n<link rel=\"canonical\" href=\"https:\/\/peakalgerie.com\/fr\/nos-magasin\/\" \/>\n<meta property=\"og:locale\" content=\"fr_FR\" \/>\n<meta property=\"og:type\" content=\"article\" \/>\n<meta property=\"og:title\" content=\"Nos Magasin - Peak Sport Alg\u00e9rie\" \/>\n<meta property=\"og:description\" content=\"NOS MAGASINS ALGER CHERAGA Adresse : Boulevard du 11 D\u00e9cembre, Dely Ibrahim, Commune de Cheraga, Alger T\u00e9l\u00e9phone : (+213) 561\" \/>\n<meta property=\"og:url\" content=\"https:\/\/peakalgerie.com\/fr\/nos-magasin\/\" \/>\n<meta property=\"og:site_name\" content=\"Peak Sport Alg\u00e9rie\" \/>\n<meta property=\"article:publisher\" content=\"https:\/\/www.facebook.com\/AIRSTREETDZ\/\" \/>\n<meta property=\"article:modified_time\" content=\"2024-11-26T17:40:43+00:00\" \/>\n<meta name=\"twitter:card\" content=\"summary_large_image\" \/>\n<meta name=\"twitter:label1\" content=\"Dur\u00e9e de lecture estim\u00e9e\" \/>\n\t<meta name=\"twitter:data1\" content=\"1 minute\" \/>\n<script type=\"application\/ld+json\" class=\"yoast-schema-graph\">{\"@context\":\"https:\/\/schema.org\",\"@graph\":[{\"@type\":\"WebPage\",\"@id\":\"https:\/\/peakalgerie.com\/fr\/nos-magasin\/\",\"url\":\"https:\/\/peakalgerie.com\/fr\/nos-magasin\/\",\"name\":\"Nos Magasin - Peak Sport Alg\u00e9rie\",\"isPartOf\":{\"@id\":\"https:\/\/peakalgerie.com\/fr\/#website\"},\"datePublished\":\"2024-11-26T07:50:31+00:00\",\"dateModified\":\"2024-11-26T17:40:43+00:00\",\"breadcrumb\":{\"@id\":\"https:\/\/peakalgerie.com\/fr\/nos-magasin\/#breadcrumb\"},\"inLanguage\":\"fr-FR\",\"potentialAction\":[{\"@type\":\"ReadAction\",\"target\":[\"https:\/\/peakalgerie.com\/fr\/nos-magasin\/\"]}]},{\"@type\":\"BreadcrumbList\",\"@id\":\"https:\/\/peakalgerie.com\/fr\/nos-magasin\/#breadcrumb\",\"itemListElement\":[{\"@type\":\"ListItem\",\"position\":1,\"name\":\"Accueil\",\"item\":\"https:\/\/peakalgerie.com\/ar\/\"},{\"@type\":\"ListItem\",\"position\":2,\"name\":\"Nos Magasin\"}]},{\"@type\":\"WebSite\",\"@id\":\"https:\/\/peakalgerie.com\/fr\/#website\",\"url\":\"https:\/\/peakalgerie.com\/fr\/\",\"name\":\"Peak Sport Alg\u00e9rie\",\"description\":\"Peak Sports : Top Performance\",\"publisher\":{\"@id\":\"https:\/\/peakalgerie.com\/fr\/#organization\"},\"potentialAction\":[{\"@type\":\"SearchAction\",\"target\":{\"@type\":\"EntryPoint\",\"urlTemplate\":\"https:\/\/peakalgerie.com\/fr\/?s={search_term_string}\"},\"query-input\":{\"@type\":\"PropertyValueSpecification\",\"valueRequired\":true,\"valueName\":\"search_term_string\"}}],\"inLanguage\":\"fr-FR\"},{\"@type\":\"Organization\",\"@id\":\"https:\/\/peakalgerie.com\/fr\/#organization\",\"name\":\"AIR STREET\",\"url\":\"https:\/\/peakalgerie.com\/fr\/\",\"logo\":{\"@type\":\"ImageObject\",\"inLanguage\":\"fr-FR\",\"@id\":\"https:\/\/peakalgerie.com\/fr\/#\/schema\/logo\/image\/\",\"url\":\"https:\/\/staging.peakalgerie.com\/wp-content\/uploads\/2021\/01\/thumbnail_logo-airstreet-web.png\",\"contentUrl\":\"https:\/\/staging.peakalgerie.com\/wp-content\/uploads\/2021\/01\/thumbnail_logo-airstreet-web.png\",\"width\":1280,\"height\":900,\"caption\":\"AIR STREET\"},\"image\":{\"@id\":\"https:\/\/peakalgerie.com\/fr\/#\/schema\/logo\/image\/\"},\"sameAs\":[\"https:\/\/www.facebook.com\/AIRSTREETDZ\/\",\"https:\/\/www.instagram.com\/air_street\/\"]}]}<\/script>\n<!-- \/ Yoast SEO plugin. -->","yoast_head_json":{"title":"Nos Magasin - Peak Sport Alg\u00e9rie","robots":{"index":"index","follow":"follow","max-snippet":"max-snippet:-1","max-image-preview":"max-image-preview:large","max-video-preview":"max-video-preview:-1"},"canonical":"https:\/\/peakalgerie.com\/fr\/nos-magasin\/","og_locale":"fr_FR","og_type":"article","og_title":"Nos Magasin - Peak Sport Alg\u00e9rie","og_description":"NOS MAGASINS ALGER CHERAGA Adresse : Boulevard du 11 D\u00e9cembre, Dely Ibrahim, Commune de Cheraga, Alger T\u00e9l\u00e9phone : (+213) 561","og_url":"https:\/\/peakalgerie.com\/fr\/nos-magasin\/","og_site_name":"Peak Sport Alg\u00e9rie","article_publisher":"https:\/\/www.facebook.com\/AIRSTREETDZ\/","article_modified_time":"2024-11-26T17:40:43+00:00","twitter_card":"summary_large_image","twitter_misc":{"Dur\u00e9e de lecture estim\u00e9e":"1 minute"},"schema":{"@context":"https:\/\/schema.org","@graph":[{"@type":"WebPage","@id":"https:\/\/peakalgerie.com\/fr\/nos-magasin\/","url":"https:\/\/peakalgerie.com\/fr\/nos-magasin\/","name":"Nos Magasin - Peak Sport Alg\u00e9rie","isPartOf":{"@id":"https:\/\/peakalgerie.com\/fr\/#website"},"datePublished":"2024-11-26T07:50:31+00:00","dateModified":"2024-11-26T17:40:43+00:00","breadcrumb":{"@id":"https:\/\/peakalgerie.com\/fr\/nos-magasin\/#breadcrumb"},"inLanguage":"fr-FR","potentialAction":[{"@type":"ReadAction","target":["https:\/\/peakalgerie.com\/fr\/nos-magasin\/"]}]},{"@type":"BreadcrumbList","@id":"https:\/\/peakalgerie.com\/fr\/nos-magasin\/#breadcrumb","itemListElement":[{"@type":"ListItem","position":1,"name":"Accueil","item":"https:\/\/peakalgerie.com\/ar\/"},{"@type":"ListItem","position":2,"name":"Nos Magasin"}]},{"@type":"WebSite","@id":"https:\/\/peakalgerie.com\/fr\/#website","url":"https:\/\/peakalgerie.com\/fr\/","name":"Peak Sport Alg\u00e9rie","description":"Peak Sports : Top Performance","publisher":{"@id":"https:\/\/peakalgerie.com\/fr\/#organization"},"potentialAction":[{"@type":"SearchAction","target":{"@type":"EntryPoint","urlTemplate":"https:\/\/peakalgerie.com\/fr\/?s={search_term_string}"},"query-input":{"@type":"PropertyValueSpecification","valueRequired":true,"valueName":"search_term_string"}}],"inLanguage":"fr-FR"},{"@type":"Organization","@id":"https:\/\/peakalgerie.com\/fr\/#organization","name":"AIR STREET","url":"https:\/\/peakalgerie.com\/fr\/","logo":{"@type":"ImageObject","inLanguage":"fr-FR","@id":"https:\/\/peakalgerie.com\/fr\/#\/schema\/logo\/image\/","url":"https:\/\/staging.peakalgerie.com\/wp-content\/uploads\/2021\/01\/thumbnail_logo-airstreet-web.png","contentUrl":"https:\/\/staging.peakalgerie.com\/wp-content\/uploads\/2021\/01\/thumbnail_logo-airstreet-web.png","width":1280,"height":900,"caption":"AIR STREET"},"image":{"@id":"https:\/\/peakalgerie.com\/fr\/#\/schema\/logo\/image\/"},"sameAs":["https:\/\/www.facebook.com\/AIRSTREETDZ\/","https:\/\/www.instagram.com\/air_street\/"]}]}},"_links":{"self":[{"href":"https:\/\/staging.peakalgerie.com\/fr\/wp-json\/wp\/v2\/pages\/107070","targetHints":{"allow":["GET"]}}],"collection":[{"href":"https:\/\/staging.peakalgerie.com\/fr\/wp-json\/wp\/v2\/pages"}],"about":[{"href":"https:\/\/staging.peakalgerie.com\/fr\/wp-json\/wp\/v2\/types\/page"}],"author":[{"embeddable":true,"href":"https:\/\/staging.peakalgerie.com\/fr\/wp-json\/wp\/v2\/users\/1168"}],"replies":[{"embeddable":true,"href":"https:\/\/staging.peakalgerie.com\/fr\/wp-json\/wp\/v2\/comments?post=107070"}],"version-history":[{"count":7,"href":"https:\/\/staging.peakalgerie.com\/fr\/wp-json\/wp\/v2\/pages\/107070\/revisions"}],"predecessor-version":[{"id":107092,"href":"https:\/\/staging.peakalgerie.com\/fr\/wp-json\/wp\/v2\/pages\/107070\/revisions\/107092"}],"wp:attachment":[{"href":"https:\/\/staging.peakalgerie.com\/fr\/wp-json\/wp\/v2\/media?parent=107070"}],"curies":[{"name":"wp","href":"https:\/\/api.w.org\/{rel}","templated":true}]}}