{"id":99217,"date":"2024-06-30T15:19:40","date_gmt":"2024-06-30T14:19:40","guid":{"rendered":"https:\/\/peakalgerie.com\/?page_id=99217"},"modified":"2024-10-13T14:52:49","modified_gmt":"2024-10-13T13:52:49","slug":"jeux-olympiques-2024","status":"publish","type":"page","link":"https:\/\/staging.peakalgerie.com\/fr\/jeux-olympiques-2024\/","title":{"rendered":"Taoufik Makhloufi : Brillance et Fiert\u00e9 de l&rsquo;Alg\u00e9rie"},"content":{"rendered":"\t\t<div data-elementor-type=\"wp-page\" data-elementor-id=\"99217\" class=\"elementor elementor-99217\">\n\t\t\t\t<section class=\"wd-negative-gap elementor-section elementor-top-section elementor-element elementor-element-1beafefe elementor-section-boxed elementor-section-height-default elementor-section-height-default\" data-id=\"1beafefe\" data-element_type=\"section\">\n\t\t\t\t\t\t<div class=\"elementor-container elementor-column-gap-default\">\n\t\t\t\t\t<div class=\"elementor-column elementor-col-100 elementor-top-column elementor-element elementor-element-1b7d5188\" data-id=\"1b7d5188\" data-element_type=\"column\">\n\t\t\t<div class=\"elementor-widget-wrap elementor-element-populated\">\n\t\t\t\t\t\t<div class=\"elementor-element elementor-element-390bedb7 color-scheme-inherit text-left elementor-widget elementor-widget-text-editor\" data-id=\"390bedb7\" data-element_type=\"widget\" data-widget_type=\"text-editor.default\">\n\t\t\t\t<div class=\"elementor-widget-container\">\n\t\t\t\t\t\t\t\t\t<p><\/p>\n<figure class=\"wp-block-image size-large is-style-default\"><img fetchpriority=\"high\" decoding=\"async\" width=\"1300\" height=\"571\" class=\"wp-image-99218\" src=\"https:\/\/staging.peakalgerie.com\/wp-content\/uploads\/2024\/06\/Peak-Website-Banner-JO-copy-1300x571.jpg\" alt=\"\" srcset=\"https:\/\/staging.peakalgerie.com\/wp-content\/uploads\/2024\/06\/Peak-Website-Banner-JO-copy-1300x571.jpg 1300w, https:\/\/staging.peakalgerie.com\/wp-content\/uploads\/2024\/06\/Peak-Website-Banner-JO-copy-400x176.jpg 400w, https:\/\/staging.peakalgerie.com\/wp-content\/uploads\/2024\/06\/Peak-Website-Banner-JO-copy-768x338.jpg 768w, https:\/\/staging.peakalgerie.com\/wp-content\/uploads\/2024\/06\/Peak-Website-Banner-JO-copy-18x8.jpg 18w, https:\/\/staging.peakalgerie.com\/wp-content\/uploads\/2024\/06\/Peak-Website-Banner-JO-copy-430x189.jpg 430w, https:\/\/staging.peakalgerie.com\/wp-content\/uploads\/2024\/06\/Peak-Website-Banner-JO-copy-700x308.jpg 700w, https:\/\/staging.peakalgerie.com\/wp-content\/uploads\/2024\/06\/Peak-Website-Banner-JO-copy-150x66.jpg 150w, https:\/\/staging.peakalgerie.com\/wp-content\/uploads\/2024\/06\/Peak-Website-Banner-JO-copy.jpg 1504w\" sizes=\"(max-width: 1300px) 100vw, 1300px\" \/><\/figure>\n<div class=\"wp-block-columns\">\u00a0<\/div>\n<p><\/p>\t\t\t\t\t\t\t\t<\/div>\n\t\t\t\t<\/div>\n\t\t\t\t\t<\/div>\n\t\t<\/div>\n\t\t\t\t\t<\/div>\n\t\t<\/section>\n\t\t\t\t<section class=\"wd-negative-gap elementor-section elementor-top-section elementor-element elementor-element-9b50ed7 elementor-section-boxed elementor-section-height-default elementor-section-height-default\" data-id=\"9b50ed7\" data-element_type=\"section\">\n\t\t\t\t\t\t<div class=\"elementor-container elementor-column-gap-default\">\n\t\t\t\t\t<div class=\"elementor-column elementor-col-50 elementor-top-column elementor-element elementor-element-b37712b\" data-id=\"b37712b\" data-element_type=\"column\">\n\t\t\t<div class=\"elementor-widget-wrap elementor-element-populated\">\n\t\t\t\t\t\t<div class=\"elementor-element elementor-element-4873c83 color-scheme-inherit text-left elementor-widget elementor-widget-text-editor\" data-id=\"4873c83\" data-element_type=\"widget\" data-widget_type=\"text-editor.default\">\n\t\t\t\t<div class=\"elementor-widget-container\">\n\t\t\t\t\t\t\t\t\t<h1 style=\"margin-bottom: var(--wd-tags-mb); font-style: normal; font-variant-ligatures: normal; font-variant-caps: normal; font-weight: var(--wd-title-font-weight); font-family: Poppins, Arial, Helvetica, sans-serif; text-transform: none;\"><span style=\"font-weight: 600; font-size: 28px;\">Jeux Olympiques de Paris 2024<\/span><\/h1>\n<p>\u00a0<\/p>\n<p class=\"has-medium-font-size\" style=\"margin-bottom: var(--wd-tags-mb); font-style: normal; font-variant-ligatures: normal; font-variant-caps: normal; font-weight: 400; font-family: Poppins, Arial, Helvetica, sans-serif; color: #777777; font-size: var(--wp--preset--font-size--medium) !important;\">Peak Alg\u00e9rie est fier d&rsquo;annoncer son partenariat avec le comit\u00e9 olympique alg\u00e9rien pour les Jeux Olympiques Paris 2024.<br \/>Nous sommes engag\u00e9s \u00e0 fournir les meilleurs \u00e9quipements et ressources n\u00e9cessaires pour aider les athl\u00e8tes \u00e0 atteindre leur plein potentiel.<\/p>\n<p style=\"margin-bottom: var(--wd-tags-mb); font-style: normal; font-variant-ligatures: normal; font-variant-caps: normal; font-weight: 400; font-family: Poppins, Arial, Helvetica, sans-serif; font-size: 14px; color: #777777;\">\u00a0<\/p>\n<p class=\"has-medium-font-size\" style=\"margin-bottom: var(--wd-tags-mb); font-style: normal; font-variant-ligatures: normal; font-variant-caps: normal; font-weight: 400; font-family: Poppins, Arial, Helvetica, sans-serif; color: #777777; font-size: var(--wp--preset--font-size--medium) !important;\">Peak Sport a \u00e9t\u00e9 fond\u00e9 en 1989 et a donc d\u00e9j\u00e0 presque trente ans d\u2019histoire. Peak Sport a toujours eu pour objectif \u2018de d\u00e9velopper une marque d\u2019envergure mondiale et de fa\u00e7onner une entreprise durable \u00e0 long terme\u2019, en mettant l\u2019accent sur la conception, la recherche et le d\u00e9veloppement, la production, la distribution et le marketing d\u2019articles de sport. Cela comprend aussi bien les chaussures, les v\u00eatements que les accessoires sign\u00e9s Peak. Lors des Jeux Olympiques de Rio en 2016 et de Londres 2012 , Peak Sport avait sponsoris\u00e9 plus de 10 Comit\u00e9s Olympiques Nationaux .<\/p>\t\t\t\t\t\t\t\t<\/div>\n\t\t\t\t<\/div>\n\t\t\t\t\t<\/div>\n\t\t<\/div>\n\t\t\t\t<div class=\"elementor-column elementor-col-50 elementor-top-column elementor-element elementor-element-416402c\" data-id=\"416402c\" data-element_type=\"column\">\n\t\t\t<div class=\"elementor-widget-wrap elementor-element-populated\">\n\t\t\t\t\t\t<div class=\"elementor-element elementor-element-3d7e79b elementor-widget elementor-widget-image\" data-id=\"3d7e79b\" data-element_type=\"widget\" data-widget_type=\"image.default\">\n\t\t\t\t<div class=\"elementor-widget-container\">\n\t\t\t\t\t\t\t\t\t\t\t\t\t\t\t<img decoding=\"async\" width=\"600\" height=\"800\" src=\"https:\/\/staging.peakalgerie.com\/wp-content\/uploads\/2024\/06\/PHOTO-2024-06-26-11-09-33-1-600x800.jpg\" class=\"attachment-large size-large wp-image-99245\" alt=\"\" srcset=\"https:\/\/staging.peakalgerie.com\/wp-content\/uploads\/2024\/06\/PHOTO-2024-06-26-11-09-33-1-600x800.jpg 600w, https:\/\/staging.peakalgerie.com\/wp-content\/uploads\/2024\/06\/PHOTO-2024-06-26-11-09-33-1-225x300.jpg 225w, https:\/\/staging.peakalgerie.com\/wp-content\/uploads\/2024\/06\/PHOTO-2024-06-26-11-09-33-1-768x1024.jpg 768w, https:\/\/staging.peakalgerie.com\/wp-content\/uploads\/2024\/06\/PHOTO-2024-06-26-11-09-33-1-9x12.jpg 9w, https:\/\/staging.peakalgerie.com\/wp-content\/uploads\/2024\/06\/PHOTO-2024-06-26-11-09-33-1-430x573.jpg 430w, https:\/\/staging.peakalgerie.com\/wp-content\/uploads\/2024\/06\/PHOTO-2024-06-26-11-09-33-1-700x933.jpg 700w, https:\/\/staging.peakalgerie.com\/wp-content\/uploads\/2024\/06\/PHOTO-2024-06-26-11-09-33-1-150x200.jpg 150w, https:\/\/staging.peakalgerie.com\/wp-content\/uploads\/2024\/06\/PHOTO-2024-06-26-11-09-33-1.jpg 810w\" sizes=\"(max-width: 600px) 100vw, 600px\" \/>\t\t\t\t\t\t\t\t\t\t\t\t\t\t\t<\/div>\n\t\t\t\t<\/div>\n\t\t\t\t\t<\/div>\n\t\t<\/div>\n\t\t\t\t\t<\/div>\n\t\t<\/section>\n\t\t\t\t<section class=\"wd-negative-gap elementor-section elementor-top-section elementor-element elementor-element-fbcf684 elementor-section-boxed elementor-section-height-default elementor-section-height-default\" data-id=\"fbcf684\" data-element_type=\"section\">\n\t\t\t\t\t\t<div class=\"elementor-container elementor-column-gap-default\">\n\t\t\t\t\t<div class=\"elementor-column elementor-col-50 elementor-top-column elementor-element elementor-element-e7dca4a\" data-id=\"e7dca4a\" data-element_type=\"column\">\n\t\t\t<div class=\"elementor-widget-wrap elementor-element-populated\">\n\t\t\t\t\t\t<div class=\"elementor-element elementor-element-daec5ee elementor-widget elementor-widget-image\" data-id=\"daec5ee\" data-element_type=\"widget\" data-widget_type=\"image.default\">\n\t\t\t\t<div class=\"elementor-widget-container\">\n\t\t\t\t\t\t\t\t\t\t\t\t\t\t\t<img decoding=\"async\" width=\"500\" height=\"750\" src=\"https:\/\/staging.peakalgerie.com\/wp-content\/uploads\/2024\/07\/0808712-Clayton-Olympics-00813.jpg\" class=\"attachment-large size-large wp-image-99927\" alt=\"\" srcset=\"https:\/\/staging.peakalgerie.com\/wp-content\/uploads\/2024\/07\/0808712-Clayton-Olympics-00813.jpg 500w, https:\/\/staging.peakalgerie.com\/wp-content\/uploads\/2024\/07\/0808712-Clayton-Olympics-00813-200x300.jpg 200w, https:\/\/staging.peakalgerie.com\/wp-content\/uploads\/2024\/07\/0808712-Clayton-Olympics-00813-8x12.jpg 8w, https:\/\/staging.peakalgerie.com\/wp-content\/uploads\/2024\/07\/0808712-Clayton-Olympics-00813-430x645.jpg 430w, https:\/\/staging.peakalgerie.com\/wp-content\/uploads\/2024\/07\/0808712-Clayton-Olympics-00813-150x225.jpg 150w\" sizes=\"(max-width: 500px) 100vw, 500px\" \/>\t\t\t\t\t\t\t\t\t\t\t\t\t\t\t<\/div>\n\t\t\t\t<\/div>\n\t\t\t\t\t<\/div>\n\t\t<\/div>\n\t\t\t\t<div class=\"elementor-column elementor-col-50 elementor-top-column elementor-element elementor-element-18c64f6\" data-id=\"18c64f6\" data-element_type=\"column\">\n\t\t\t<div class=\"elementor-widget-wrap elementor-element-populated\">\n\t\t\t\t\t\t<div class=\"elementor-element elementor-element-2d02e4f color-scheme-inherit text-left elementor-widget elementor-widget-text-editor\" data-id=\"2d02e4f\" data-element_type=\"widget\" data-widget_type=\"text-editor.default\">\n\t\t\t\t<div class=\"elementor-widget-container\">\n\t\t\t\t\t\t\t\t\t<p>\u00a0<\/p>\n<p><br style=\"font-size: 20px;\" \/><span style=\"font-family: Poppins, Arial, Helvetica, sans-serif; font-size: 20px; font-style: normal; font-variant-ligatures: normal; font-variant-caps: normal;\"><b>Taoufik Makhloufi\u00a0<\/b><\/span><br style=\"font-size: 20px;\" \/><br style=\"font-size: 20px;\" \/><span style=\"font-family: Poppins, Arial, Helvetica, sans-serif; font-size: 20px; font-style: normal; font-variant-ligatures: normal; font-variant-caps: normal; font-weight: 400;\">En 2012, Taoufik Makhloufi a illumin\u00e9 les Jeux Olympiques de Londres en remportant la m\u00e9daille d&rsquo;or tant convoit\u00e9e. Avec une d\u00e9termination in\u00e9branlable et une performance \u00e9poustouflante, il a brill\u00e9 sur la piste, captivant le monde entier par sa rapidit\u00e9 et sa strat\u00e9gie impeccable. Sa victoire a \u00e9t\u00e9 salu\u00e9e comme un triomphe de l&rsquo;endurance, du talent et de la pers\u00e9v\u00e9rance, faisant de lui une v\u00e9ritable l\u00e9gende dans le monde de l&rsquo;athl\u00e9tisme et un symbole d&rsquo;inspiration pour la jeunesse du monde entie<\/span><\/p>\t\t\t\t\t\t\t\t<\/div>\n\t\t\t\t<\/div>\n\t\t\t\t\t<\/div>\n\t\t<\/div>\n\t\t\t\t\t<\/div>\n\t\t<\/section>\n\t\t\t\t<section class=\"wd-negative-gap elementor-section elementor-top-section elementor-element elementor-element-4728dc2 elementor-section-boxed elementor-section-height-default elementor-section-height-default\" data-id=\"4728dc2\" data-element_type=\"section\">\n\t\t\t\t\t\t<div class=\"elementor-container elementor-column-gap-default\">\n\t\t\t\t\t<div class=\"elementor-column elementor-col-50 elementor-top-column elementor-element elementor-element-a976305\" data-id=\"a976305\" data-element_type=\"column\">\n\t\t\t<div class=\"elementor-widget-wrap elementor-element-populated\">\n\t\t\t\t\t\t<div class=\"elementor-element elementor-element-957150c elementor-widget__width-initial color-scheme-inherit text-left elementor-widget elementor-widget-text-editor\" data-id=\"957150c\" data-element_type=\"widget\" data-widget_type=\"text-editor.default\">\n\t\t\t\t<div class=\"elementor-widget-container\">\n\t\t\t\t\t\t\t\t\t<p><\/p>\n<p><br style=\"font-size: 20px;\"><\/p>\n<h1><span style=\"font-family: Lato, Arial, Helvetica, sans-serif; font-size: 18px; font-style: normal; font-variant-ligatures: normal; font-variant-caps: normal;\">Ka\u00eflia Naimour&nbsp;<\/span><\/h1>\n<p><\/p>\n<p><span style=\"font-size: 18px; text-align: var(--text-align); background-color: var(--wd-main-bgcolor); color: var(--wd-text-color);\">Le chemin vers l&rsquo;or est ardu pour une jeune de 17 ans, mais Ka\u00eflia Naimour a d\u00e9montr\u00e9 que la d\u00e9termination et le d\u00e9vouement peuvent surmonter les obstacles les plus redoutables. En choisissant de repr\u00e9senter son pays d&rsquo;origine, l&rsquo;Alg\u00e9rie, Ka\u00eflia a d\u00e9fi\u00e9 une concurrence acharn\u00e9e pour devenir la plus jeune athl\u00e8te alg\u00e9rienne, africaine et arabe \u00e0 d\u00e9crocher une m\u00e9daille d&rsquo;or aux Jeux Olympiques de Paris 2024. Malgr\u00e9 une op\u00e9ration du genou en 2021, elle a affront\u00e9 toutes les difficult\u00e9s avec courage et une d\u00e9termination in\u00e9branlable, refusant de laisser un obstacle freiner son d\u00e9sir de r\u00e9ussir. En 2023, elle a remport\u00e9 la m\u00e9daille d&rsquo;argent aux Championnats du Monde, illustrant ses grandes capacit\u00e9s malgr\u00e9 son jeune \u00e2ge. Sa participation aux Jeux Olympiques de 2024 l&rsquo;a vue se distinguer parmi les plus jeunes athl\u00e8tes dans son domaine, soulignant la force de sa d\u00e9termination. En 2024, Ka\u00eflia a \u00e9galement triomph\u00e9 en remportant quatre m\u00e9dailles d&rsquo;or lors du Championnat de Gymnastique Rythmique \u00e0 Bucarest, montrant une ascension rapide et impressionnante dans le monde de la gymnastique. Son histoire est un t\u00e9moignage de la puissance de la volont\u00e9 et de la passion in\u00e9puisable.<\/span><br><\/p>\n<p>Nous souhaitons \u00e0 Ka\u00eflia tout le succ\u00e8s dans ses futures comp\u00e9titions, et nous attendons avec impatience de voir son talent et sa pers\u00e9v\u00e9rance continuer \u00e0 briller sur la sc\u00e8ne internationale.<\/p>\t\t\t\t\t\t\t\t<\/div>\n\t\t\t\t<\/div>\n\t\t\t\t\t<\/div>\n\t\t<\/div>\n\t\t\t\t<div class=\"elementor-column elementor-col-50 elementor-top-column elementor-element elementor-element-d8e400d\" data-id=\"d8e400d\" data-element_type=\"column\">\n\t\t\t<div class=\"elementor-widget-wrap elementor-element-populated\">\n\t\t\t\t\t\t<div class=\"elementor-element elementor-element-59899f8 elementor-widget elementor-widget-image\" data-id=\"59899f8\" data-element_type=\"widget\" data-widget_type=\"image.default\">\n\t\t\t\t<div class=\"elementor-widget-container\">\n\t\t\t\t\t\t\t\t\t\t\t\t\t\t\t<img loading=\"lazy\" decoding=\"async\" width=\"565\" height=\"800\" src=\"https:\/\/staging.peakalgerie.com\/wp-content\/uploads\/2024\/10\/image-1-565x800.jpg\" class=\"attachment-large size-large wp-image-103970\" alt=\"\" srcset=\"https:\/\/staging.peakalgerie.com\/wp-content\/uploads\/2024\/10\/image-1-565x800.jpg 565w, https:\/\/staging.peakalgerie.com\/wp-content\/uploads\/2024\/10\/image-1-212x300.jpg 212w, https:\/\/staging.peakalgerie.com\/wp-content\/uploads\/2024\/10\/image-1-768x1088.jpg 768w, https:\/\/staging.peakalgerie.com\/wp-content\/uploads\/2024\/10\/image-1-8x12.jpg 8w, https:\/\/staging.peakalgerie.com\/wp-content\/uploads\/2024\/10\/image-1-430x609.jpg 430w, https:\/\/staging.peakalgerie.com\/wp-content\/uploads\/2024\/10\/image-1-700x992.jpg 700w, https:\/\/staging.peakalgerie.com\/wp-content\/uploads\/2024\/10\/image-1-150x213.jpg 150w, https:\/\/staging.peakalgerie.com\/wp-content\/uploads\/2024\/10\/image-1.jpg 1080w\" sizes=\"(max-width: 565px) 100vw, 565px\" \/>\t\t\t\t\t\t\t\t\t\t\t\t\t\t\t<\/div>\n\t\t\t\t<\/div>\n\t\t\t\t\t<\/div>\n\t\t<\/div>\n\t\t\t\t\t<\/div>\n\t\t<\/section>\t\t<\/div>\n\t\t","protected":false},"excerpt":{"rendered":"<p>Jeux Olympiques de Paris 2024 \u00a0 Peak Alg\u00e9rie est fier d&rsquo;annoncer son partenariat avec le comit\u00e9 olympique alg\u00e9rien pour les<\/p>\n","protected":false},"author":1168,"featured_media":99218,"parent":0,"menu_order":0,"comment_status":"closed","ping_status":"closed","template":"","meta":{"footnotes":""},"class_list":["post-99217","page","type-page","status-publish","has-post-thumbnail","hentry"],"yoast_head":"<!-- This site is optimized with the Yoast SEO plugin v24.1 - https:\/\/yoast.com\/wordpress\/plugins\/seo\/ -->\n<title>Taoufik Makhloufi : Brillance et Fiert\u00e9 de l&#039;Alg\u00e9rie - Peak Sport Alg\u00e9rie<\/title>\n<meta name=\"robots\" content=\"index, follow, max-snippet:-1, max-image-preview:large, max-video-preview:-1\" \/>\n<link rel=\"canonical\" href=\"https:\/\/peakalgerie.com\/fr\/jeux-olympiques-2024\/\" \/>\n<meta property=\"og:locale\" content=\"fr_FR\" \/>\n<meta property=\"og:type\" content=\"article\" \/>\n<meta property=\"og:title\" content=\"Taoufik Makhloufi : Brillance et Fiert\u00e9 de l&#039;Alg\u00e9rie - Peak Sport Alg\u00e9rie\" \/>\n<meta property=\"og:description\" content=\"Jeux Olympiques de Paris 2024 \u00a0 Peak Alg\u00e9rie est fier d&rsquo;annoncer son partenariat avec le comit\u00e9 olympique alg\u00e9rien pour les\" \/>\n<meta property=\"og:url\" content=\"https:\/\/peakalgerie.com\/fr\/jeux-olympiques-2024\/\" \/>\n<meta property=\"og:site_name\" content=\"Peak Sport Alg\u00e9rie\" \/>\n<meta property=\"article:publisher\" content=\"https:\/\/www.facebook.com\/AIRSTREETDZ\/\" \/>\n<meta property=\"article:modified_time\" content=\"2024-10-13T13:52:49+00:00\" \/>\n<meta property=\"og:image\" content=\"https:\/\/peakalgerie.com\/wp-content\/uploads\/2024\/06\/Peak-Website-Banner-JO-copy.jpg\" \/>\n\t<meta property=\"og:image:width\" content=\"1504\" \/>\n\t<meta property=\"og:image:height\" content=\"661\" \/>\n\t<meta property=\"og:image:type\" content=\"image\/jpeg\" \/>\n<meta name=\"twitter:card\" content=\"summary_large_image\" \/>\n<meta name=\"twitter:label1\" content=\"Dur\u00e9e de lecture estim\u00e9e\" \/>\n\t<meta name=\"twitter:data1\" content=\"4 minutes\" \/>\n<script type=\"application\/ld+json\" class=\"yoast-schema-graph\">{\"@context\":\"https:\/\/schema.org\",\"@graph\":[{\"@type\":\"WebPage\",\"@id\":\"https:\/\/peakalgerie.com\/fr\/jeux-olympiques-2024\/\",\"url\":\"https:\/\/peakalgerie.com\/fr\/jeux-olympiques-2024\/\",\"name\":\"Taoufik Makhloufi : Brillance et Fiert\u00e9 de l'Alg\u00e9rie - Peak Sport Alg\u00e9rie\",\"isPartOf\":{\"@id\":\"https:\/\/peakalgerie.com\/fr\/#website\"},\"primaryImageOfPage\":{\"@id\":\"https:\/\/peakalgerie.com\/fr\/jeux-olympiques-2024\/#primaryimage\"},\"image\":{\"@id\":\"https:\/\/peakalgerie.com\/fr\/jeux-olympiques-2024\/#primaryimage\"},\"thumbnailUrl\":\"https:\/\/staging.peakalgerie.com\/wp-content\/uploads\/2024\/06\/Peak-Website-Banner-JO-copy.jpg\",\"datePublished\":\"2024-06-30T14:19:40+00:00\",\"dateModified\":\"2024-10-13T13:52:49+00:00\",\"breadcrumb\":{\"@id\":\"https:\/\/peakalgerie.com\/fr\/jeux-olympiques-2024\/#breadcrumb\"},\"inLanguage\":\"fr-FR\",\"potentialAction\":[{\"@type\":\"ReadAction\",\"target\":[\"https:\/\/peakalgerie.com\/fr\/jeux-olympiques-2024\/\"]}]},{\"@type\":\"ImageObject\",\"inLanguage\":\"fr-FR\",\"@id\":\"https:\/\/peakalgerie.com\/fr\/jeux-olympiques-2024\/#primaryimage\",\"url\":\"https:\/\/staging.peakalgerie.com\/wp-content\/uploads\/2024\/06\/Peak-Website-Banner-JO-copy.jpg\",\"contentUrl\":\"https:\/\/staging.peakalgerie.com\/wp-content\/uploads\/2024\/06\/Peak-Website-Banner-JO-copy.jpg\",\"width\":1504,\"height\":661},{\"@type\":\"BreadcrumbList\",\"@id\":\"https:\/\/peakalgerie.com\/fr\/jeux-olympiques-2024\/#breadcrumb\",\"itemListElement\":[{\"@type\":\"ListItem\",\"position\":1,\"name\":\"Accueil\",\"item\":\"https:\/\/peakalgerie.com\/ar\/\"},{\"@type\":\"ListItem\",\"position\":2,\"name\":\"Taoufik Makhloufi : Brillance et Fiert\u00e9 de l&rsquo;Alg\u00e9rie\"}]},{\"@type\":\"WebSite\",\"@id\":\"https:\/\/peakalgerie.com\/fr\/#website\",\"url\":\"https:\/\/peakalgerie.com\/fr\/\",\"name\":\"Peak Sport Alg\u00e9rie\",\"description\":\"Peak Sports : Top Performance\",\"publisher\":{\"@id\":\"https:\/\/peakalgerie.com\/fr\/#organization\"},\"potentialAction\":[{\"@type\":\"SearchAction\",\"target\":{\"@type\":\"EntryPoint\",\"urlTemplate\":\"https:\/\/peakalgerie.com\/fr\/?s={search_term_string}\"},\"query-input\":{\"@type\":\"PropertyValueSpecification\",\"valueRequired\":true,\"valueName\":\"search_term_string\"}}],\"inLanguage\":\"fr-FR\"},{\"@type\":\"Organization\",\"@id\":\"https:\/\/peakalgerie.com\/fr\/#organization\",\"name\":\"AIR STREET\",\"url\":\"https:\/\/peakalgerie.com\/fr\/\",\"logo\":{\"@type\":\"ImageObject\",\"inLanguage\":\"fr-FR\",\"@id\":\"https:\/\/peakalgerie.com\/fr\/#\/schema\/logo\/image\/\",\"url\":\"https:\/\/staging.peakalgerie.com\/wp-content\/uploads\/2021\/01\/thumbnail_logo-airstreet-web.png\",\"contentUrl\":\"https:\/\/staging.peakalgerie.com\/wp-content\/uploads\/2021\/01\/thumbnail_logo-airstreet-web.png\",\"width\":1280,\"height\":900,\"caption\":\"AIR STREET\"},\"image\":{\"@id\":\"https:\/\/peakalgerie.com\/fr\/#\/schema\/logo\/image\/\"},\"sameAs\":[\"https:\/\/www.facebook.com\/AIRSTREETDZ\/\",\"https:\/\/www.instagram.com\/air_street\/\"]}]}<\/script>\n<!-- \/ Yoast SEO plugin. -->","yoast_head_json":{"title":"Taoufik Makhloufi : Brillance et Fiert\u00e9 de l'Alg\u00e9rie - Peak Sport Alg\u00e9rie","robots":{"index":"index","follow":"follow","max-snippet":"max-snippet:-1","max-image-preview":"max-image-preview:large","max-video-preview":"max-video-preview:-1"},"canonical":"https:\/\/peakalgerie.com\/fr\/jeux-olympiques-2024\/","og_locale":"fr_FR","og_type":"article","og_title":"Taoufik Makhloufi : Brillance et Fiert\u00e9 de l'Alg\u00e9rie - Peak Sport Alg\u00e9rie","og_description":"Jeux Olympiques de Paris 2024 \u00a0 Peak Alg\u00e9rie est fier d&rsquo;annoncer son partenariat avec le comit\u00e9 olympique alg\u00e9rien pour les","og_url":"https:\/\/peakalgerie.com\/fr\/jeux-olympiques-2024\/","og_site_name":"Peak Sport Alg\u00e9rie","article_publisher":"https:\/\/www.facebook.com\/AIRSTREETDZ\/","article_modified_time":"2024-10-13T13:52:49+00:00","og_image":[{"width":1504,"height":661,"url":"https:\/\/peakalgerie.com\/wp-content\/uploads\/2024\/06\/Peak-Website-Banner-JO-copy.jpg","type":"image\/jpeg"}],"twitter_card":"summary_large_image","twitter_misc":{"Dur\u00e9e de lecture estim\u00e9e":"4 minutes"},"schema":{"@context":"https:\/\/schema.org","@graph":[{"@type":"WebPage","@id":"https:\/\/peakalgerie.com\/fr\/jeux-olympiques-2024\/","url":"https:\/\/peakalgerie.com\/fr\/jeux-olympiques-2024\/","name":"Taoufik Makhloufi : Brillance et Fiert\u00e9 de l'Alg\u00e9rie - Peak Sport Alg\u00e9rie","isPartOf":{"@id":"https:\/\/peakalgerie.com\/fr\/#website"},"primaryImageOfPage":{"@id":"https:\/\/peakalgerie.com\/fr\/jeux-olympiques-2024\/#primaryimage"},"image":{"@id":"https:\/\/peakalgerie.com\/fr\/jeux-olympiques-2024\/#primaryimage"},"thumbnailUrl":"https:\/\/staging.peakalgerie.com\/wp-content\/uploads\/2024\/06\/Peak-Website-Banner-JO-copy.jpg","datePublished":"2024-06-30T14:19:40+00:00","dateModified":"2024-10-13T13:52:49+00:00","breadcrumb":{"@id":"https:\/\/peakalgerie.com\/fr\/jeux-olympiques-2024\/#breadcrumb"},"inLanguage":"fr-FR","potentialAction":[{"@type":"ReadAction","target":["https:\/\/peakalgerie.com\/fr\/jeux-olympiques-2024\/"]}]},{"@type":"ImageObject","inLanguage":"fr-FR","@id":"https:\/\/peakalgerie.com\/fr\/jeux-olympiques-2024\/#primaryimage","url":"https:\/\/staging.peakalgerie.com\/wp-content\/uploads\/2024\/06\/Peak-Website-Banner-JO-copy.jpg","contentUrl":"https:\/\/staging.peakalgerie.com\/wp-content\/uploads\/2024\/06\/Peak-Website-Banner-JO-copy.jpg","width":1504,"height":661},{"@type":"BreadcrumbList","@id":"https:\/\/peakalgerie.com\/fr\/jeux-olympiques-2024\/#breadcrumb","itemListElement":[{"@type":"ListItem","position":1,"name":"Accueil","item":"https:\/\/peakalgerie.com\/ar\/"},{"@type":"ListItem","position":2,"name":"Taoufik Makhloufi : Brillance et Fiert\u00e9 de l&rsquo;Alg\u00e9rie"}]},{"@type":"WebSite","@id":"https:\/\/peakalgerie.com\/fr\/#website","url":"https:\/\/peakalgerie.com\/fr\/","name":"Peak Sport Alg\u00e9rie","description":"Peak Sports : Top Performance","publisher":{"@id":"https:\/\/peakalgerie.com\/fr\/#organization"},"potentialAction":[{"@type":"SearchAction","target":{"@type":"EntryPoint","urlTemplate":"https:\/\/peakalgerie.com\/fr\/?s={search_term_string}"},"query-input":{"@type":"PropertyValueSpecification","valueRequired":true,"valueName":"search_term_string"}}],"inLanguage":"fr-FR"},{"@type":"Organization","@id":"https:\/\/peakalgerie.com\/fr\/#organization","name":"AIR STREET","url":"https:\/\/peakalgerie.com\/fr\/","logo":{"@type":"ImageObject","inLanguage":"fr-FR","@id":"https:\/\/peakalgerie.com\/fr\/#\/schema\/logo\/image\/","url":"https:\/\/staging.peakalgerie.com\/wp-content\/uploads\/2021\/01\/thumbnail_logo-airstreet-web.png","contentUrl":"https:\/\/staging.peakalgerie.com\/wp-content\/uploads\/2021\/01\/thumbnail_logo-airstreet-web.png","width":1280,"height":900,"caption":"AIR STREET"},"image":{"@id":"https:\/\/peakalgerie.com\/fr\/#\/schema\/logo\/image\/"},"sameAs":["https:\/\/www.facebook.com\/AIRSTREETDZ\/","https:\/\/www.instagram.com\/air_street\/"]}]}},"_links":{"self":[{"href":"https:\/\/staging.peakalgerie.com\/fr\/wp-json\/wp\/v2\/pages\/99217","targetHints":{"allow":["GET"]}}],"collection":[{"href":"https:\/\/staging.peakalgerie.com\/fr\/wp-json\/wp\/v2\/pages"}],"about":[{"href":"https:\/\/staging.peakalgerie.com\/fr\/wp-json\/wp\/v2\/types\/page"}],"author":[{"embeddable":true,"href":"https:\/\/staging.peakalgerie.com\/fr\/wp-json\/wp\/v2\/users\/1168"}],"replies":[{"embeddable":true,"href":"https:\/\/staging.peakalgerie.com\/fr\/wp-json\/wp\/v2\/comments?post=99217"}],"version-history":[{"count":25,"href":"https:\/\/staging.peakalgerie.com\/fr\/wp-json\/wp\/v2\/pages\/99217\/revisions"}],"predecessor-version":[{"id":103981,"href":"https:\/\/staging.peakalgerie.com\/fr\/wp-json\/wp\/v2\/pages\/99217\/revisions\/103981"}],"wp:featuredmedia":[{"embeddable":true,"href":"https:\/\/staging.peakalgerie.com\/fr\/wp-json\/wp\/v2\/media\/99218"}],"wp:attachment":[{"href":"https:\/\/staging.peakalgerie.com\/fr\/wp-json\/wp\/v2\/media?parent=99217"}],"curies":[{"name":"wp","href":"https:\/\/api.w.org\/{rel}","templated":true}]}}